{"id":17,"date":"2016-11-23T11:40:55","date_gmt":"2016-11-23T10:40:55","guid":{"rendered":"http:\/\/burchia.it\/?page_id=17"},"modified":"2022-03-21T22:54:37","modified_gmt":"2022-03-21T21:54:37","slug":"privacy","status":"publish","type":"page","link":"http:\/\/burchia.it\/it\/privacy\/","title":{"rendered":"Privacy"},"content":{"rendered":"<div>Desideriamo dare informazioni sul tipo, sulla portata e sulla finalit\u00e0 della raccolta e dell&#8217;utilizzo dei dati personali che ci sono stati messi a disposizione, nonch\u00e9 dell&#8217;elaborazione e dell&#8217;utilizzo di tali dati.<\/div>\n<div>\u00a0<\/div>\n<h3><strong>Contatto<\/strong><\/h3>\n<div><strong>Nome e indirizzo del responsabile del trattamento dei dati<\/strong><\/div>\n<div>Burchia, Kurt<\/div>\n<div>Via\u00a0Aue 17 &#8211;\u00a0 39030 St. Lorenzen<br \/>\n info@burchia.it &#8211; 0474 474 420<\/div>\n<div>\u00a0<\/div>\n<div><strong>Nome e indirizzo del responsabile della protezione dei dati<\/strong><\/div>\n<div>Burchia, Kurt<br \/>\n Via\u00a0Aue 17 &#8211; 39030 St. Lorenzen<br \/>\n info@burchia.it &#8211; 0474 474 420<\/div>\n<div>\u00a0<\/div>\n<h3>Cookie<\/h3>\n<div>\n<p><strong>a)<\/strong> Informazioni generali<br \/>\n Per rendere la visita al nostro sito attraente e per consentire l&#8217;utilizzo di determinate funzioni, utilizziamo i cosiddetti cookie su varie pagine. Si tratta di piccoli file di testo che vengono salvati sul dispositivo dell&#8217;utente. Alcuni dei cookie da noi utilizzati vengono eliminati al termine della sessione del browser, quindi dopo la chiusura del browser (i cosiddetti cookie di sessione). Altri cookie restano sul dispositivo dell&#8217;utente e consentono a noi o alle nostre aziende partner di riconoscere il browser durante la visita successiva (cookie persistenti). Utilizziamo i cookie per personalizzare i contenuti e gli annunci pubblicitari, nonch\u00e9 per analizzare il traffico sul nostro sito web. Condividiamo inoltre con i nostri partner le informazioni sull&#8217;utilizzo da parte degli utenti del nostro sito web a fini di social media, pubblicit\u00e0 e analisi. L&#8217;utente trova i dettagli su: http:\/\/www.google.com\/intl\/de\/policies\/privacy\/partners\/.<\/p>\n<p><strong>b)<\/strong> Consenso <br \/>\n Premendo il pulsante per il consenso sulla home page, l&#8217;utente acconsente all&#8217;utilizzo dei cookie. \u00c8 possibile revocare il consenso per l&#8217;utilizzo dei cookie non necessari per il funzionamento del sito web in qualsiasi momento con effetto per il futuro. A tal fine occorre utilizzare il pulsante di revoca &#8220;Rifiuta i cookie&#8221;. Se non si accettano i cookie, tuttavia, \u00e8 possibile che la funzionalit\u00e0 del nostro sito web sia limitata.<\/p>\n<p><strong>c)<\/strong> Controllo dopo il consenso <br \/>\n Inoltre, \u00e8 possibile controllare e\/o cancellare a proprio piacimento i cookie al cui utilizzo si \u00e8 acconsentito. Per scoprire come, consultare: AllAboutCookies.org. L&#8217;utente pu\u00f2 eliminare tutti i cookie memorizzati sul proprio computer. La maggior parte dei browser pu\u00f2 inoltre essere impostata in modo da impedire la memorizzazione dei cookie. Pu\u00f2 essere necessario che l&#8217;utente debba eseguire manualmente alcune impostazioni ogni volta che visita una pagina, tenendo in considerazione l&#8217;impatto su alcune funzionalit\u00e0. Considerare inoltre la seguente lettera d) sull&#8217;utilizzo di Google Analytics.<\/p>\n<p><strong>d)<\/strong> Fondamento giuridico<br \/>\n Usiamo cookie sulla base dell\u2019art. 6 par. 1 let. f) RGPD come fondamento giuridico. Come descritto ai punti a-c, da parte nostra sussistono interessi legittimi per l\u2019uso di cookie e l\u2019uso dei cookie \u00e8 necessario per il conseguimento di tali interessi (ad esempio il legittimo interesse all\u2019analisi del comportamento degli utenti per ottimizzare sia l\u2019offerta pubblicitaria che la nostra pubblicit\u00e0). Abbiamo verificato se interessi pi\u00f9 importanti dei visitatori del nostro sito web siano in contrasto all\u2019uso di cookie, ma nel complesso siamo giunti alla conclusione che questo non \u00e8 il caso.<\/p>\n<\/div>\n<div>\u00a0<\/div>\n<h3>Raccolta di dati e informazioni generali<\/h3>\n<div>I dati personali sono informazioni sulla vostra identit\u00e0. Tra questi vi sono, ad esempio, dati quali nome, indirizzo, numero di telefono e indirizzo e-mail.<br \/>\n In generale, l&#8217;utente pu\u00f2 visitare il nostro sito web senza lasciare alcun dato personale, ad esempio se l&#8217;utente desidera conoscere solo i nostri prodotti e visualizzare le pagine corrispondenti. In questo caso, i dati e le informazioni generali sono memorizzati nei file di registro del server. pu\u00f2 essere rilevato (1) tipi di browser utilizzato e versioni, (2) il sistema operativo di accedere al sistema, (3) il sito web da cui un sistema che accede al nostro Web passa (i cosiddetti referrer), (4) i sotto-siti che su (5) la data e l&#8217;ora di accesso al sito web, (6) un indirizzo Internet Protocol (indirizzo IP), (7) il fornitore di servizi Internet del sistema di accesso e (8) altri dati e informazioni simili utilizzati in caso di attacchi ai nostri sistemi informatici.<\/p>\n<p> Utilizzando questi dati e informazioni generali non trae conclusioni sull&#8217;interessato. Questa informazione \u00e8 invece necessaria per (1) rendere il contenuto del nostro sito web in modo corretto, (2) per ottimizzare il contenuto del nostro sito web e la pubblicit\u00e0 per tale (3) garantire il funzionamento dei nostri sistemi informatici e la tecnologia del nostro sito web, nonch\u00e9 ( 4) fornire informazioni necessarie alle autorit\u00e0 per perseguire il reato in caso di attacco cibernetico. Questi dati anonimi raccolti e le informazioni sono valutati da statisticamente con l&#8217;obiettivo di aumentare la privacy e la sicurezza dei dati nella nostra azienda per garantire un ottimo livello di protezione dei dati personali. I dati anonimi dei file di registro del server sono memorizzati separatamente da tutti i dati personali trasmesso da una persona interessata.<\/p><\/div>\n<div>\u00a0<\/div>\n<h3>Finalit\u00e0, uso e divulgazione dei dati personali<\/h3>\n<div>Se l&#8217;utente mette a nostra disposizione i dati personali, li utilizzeremo solo per rispondere a richieste dell&#8217;utente e per attuare le richieste di servizi (ordini e loro elaborazione, presa di contatto, ecc.), in relazione alle misure pubblicitarie nei confronti dell&#8217;utente per fornire l&#8217;accesso a determinate informazioni o offerte o l&#8217;uso di sistemi di informazione e comunicazione, nonch\u00e9 nell&#8217;ambito dei requisiti di legge.<br \/>\n Raccoglieremo, elaboreremo e utilizzeremo i dati personali messi a disposizione online solo per gli scopi comunicati all&#8217;utente. I dati personali dell&#8217;utente vengono inoltrati a terzi o trasmessi in qualsiasi altro modo solo se ci\u00f2 \u00e8 necessario allo scopo dello svolgimento delle attivit\u00e0 qui menzionate o se l&#8217;utente ha dato prima il consenso al trasferimento. Questi terzi non possono utilizzare i dati per altri scopi.<br \/>\n Naturalmente, rispettiamo se l&#8217;utente non desidera fornirci i suoi dati personali per supportare il nostro rapporto con i clienti (soprattutto per scopi di marketing diretto o per scopi di ricerche di mercato). <br \/>\n Rendiamo noti i dati personali sui clienti o sui fornitori solo se siamo obbligati a ci\u00f2 dalla legge, o se siamo costretti da un ordine del tribunale. <br \/>\n La divulgazione dei dati non avviene per finalit\u00e0 commerciali.<br \/>\n I nostri collaboratori e le aziende di fornitura di servizi da noi incaricati sono da noi obbligati alla riservatezza e all&#8217;osservanza delle disposizioni delle leggi vigenti in materia di protezione dei dati. L&#8217;accesso ai dati personali da parte dei nostri dipendenti \u00e8 limitato ai dipendenti che hanno bisogno dei dati per le loro attivit\u00e0 lavorative.<\/div>\n<div>\u00a0\u00a0<\/div>\n<h3>Diritti dell&#8217;interessato<\/h3>\n<div>\n<div>Diritti dell&#8217;interessato<\/div>\n<div>In particolare l\u2019utente pu\u00f2 far valere il suo diritto a informazioni sugli scopi del trattamento dati, sulla categoria dei dati personali, sulle categorie dei destinatari ai quali i dati sono stati o verranno resi noti, sulla durata di memorizzazione prevista, sul diritto a correzione, cancellazione, limitazione del trattamento dei dati o sul diritto di obiezione e di reclamo, sulla provenienza dei dati se questi non sono stati acquisiti direttamente da noi e sul processo decisionale automatizzato inclusa la profilazione ed eventualmente sui relativi dettagli pertinenti.<\/div>\n<div>Se i dati dell&#8217;utente a nostra disposizione non dovessero essere corretti, l&#8217;utente pu\u00f2 ovviamente richiedere anche la correzione o l\u2019integrazione dei suoi dati.<\/div>\n<div>Inoltre l\u2019utente pu\u00f2 richiedere la cancellazione dei suoi dati, a condizione che il loro trattamento non sia necessario per l\u2019esercizio del diritto di libert\u00e0 di opinione e informazione, di un obbligo di legge, per motivi di pubblico interesse o per il reclamo, l&#8217;esercizio o la difesa di diritti di legge. Soddisferemo immediatamente questa richiesta di cancellazione, ovviamente nel rispetto di prescrizioni legali di conservazione eventualmente vigenti.<\/div>\n<div>L\u2019utente potr\u00e0 anche richiedere la limitazione del trattamento dei suoi dati personali se ne mette in discussione la correttezza, se il trattamento \u00e8 illegale, ma l\u2019utente \u00e8 contrario a una cancellazione e se non abbiamo pi\u00f9 bisogno di questi dati, ma sono di rilevanza per l\u2019utente a scopo di reclamo, esercizio o difesa di diritti di legge o se l\u2019utente ha obiettato al loro trattamento secondo l\u2019art. 21 RGPD.<\/div>\n<div>Se l&#8217;utente ha dato il consenso all&#8217;utilizzo dei dati, l&#8217;utente pu\u00f2 revocarlo in qualsiasi momento con effetto per il futuro.<\/div>\n<div>L&#8217;utente ha anche il diritto alla trasferibilit\u00e0 dei dati. Su richiesta conforme da parte dell&#8217;utente, metteremo a disposizione dell&#8217;utente i suoi dati in un formato leggibile a macchina.<\/div>\n<div>Se i dati personali dell\u2019utente vengono trattati sulla base di un interesse legittimo secondo l\u2019art. 6 par. 1 S. 1 let. f RGPD, l\u2019utente ha il diritto secondo l\u2019art. 21 RGPD di obiettare al trattamento dei suoi dati personali in presenza di motivi connessi alla sua situazione particolare o se l\u2019obiezione riguarda la pubblicit\u00e0 diretta. Nell\u2019ultimo caso l\u2019utente ha un diritto di obiezione generale che verr\u00e0 rispettato da parte nostra senza l\u2019indicazione di una situazione particolare.<\/div>\n<div>Rivolgere tutte le domande di informazioni, le richieste di informazioni, le richieste di cancellazione, ecc. o le obiezioni al trattamento dei dati ai seguenti recapiti del nostro responsabile della protezione dei dati.<\/div>\n<div>Se l&#8217;utente non dovesse essere d&#8217;accordo con il nostro trattamento dei dati, ha anche il diritto di presentare un reclamo all&#8217;autorit\u00e0 di controllo responsabile per noi per la protezione dei dati.<\/div>\n<\/div>\n<div>\u00a0<\/div>\n<h3>Sicurezza dei dati<\/h3>\n<div>Noi manteniamo misure tecniche aggiornate per garantire la sicurezza dei dati, in particolare per proteggere i dati personali dell&#8217;utente da pericoli durante il trasferimento dei dati e dall&#8217;acquisizione di informazioni tramite terzi. Queste vengono adattate continuamente all&#8217;attuale stato della tecnica.<\/div>\n<div>\u00a0<\/div>\n<div>\n<h3>Cancellazione periodica e blocco dei dati personali<\/h3>\n<div>Il responsabile del trattamento elabora e memorizza i dati personali dell&#8217;interessato solo per il periodo necessario a conseguire lo scopo della conservazione o, se cos\u00ec richiesto dal legislatore europeo e da altri legislatori in leggi o regolamenti.<br \/>\n Se viene omesso lo scopo di archiviazione o se scade un periodo di conservazione prescritto dalle direttive e dai regolamenti europei o da qualsiasi altro legislatore, i dati personali verranno regolarmente bloccati cancellati in conformit\u00e0 alle disposizioni di legge.<\/div>\n<div>\u00a0<\/div>\n<\/div>\n<h3>Processo decisionale automatizzato inclusa profilazione<\/h3>\n<div>Un processo decisionale automatizzato incluso profilazione non viene realizzato.<\/div>\n<div>\u00a0<\/div>\n<h3>Possibilit\u00e0 di contatto tramite il sito web<\/h3>\n<div>Il nostro sito Web contiene informazioni che consentono di contattarci in qualsiasi momento, nonch\u00e9 di comunicare direttamente con noi. Questo comprende anche un indirizzo generale per la posta elettronica (indirizzo e-mail). Se un interessato ci contatta tramite e-mail o tramite un modulo di contatto, i dati personali vengono trasmessi dall&#8217;interessato vengono automaticamente memorizzati. I dati personali sono soggetti al titolare del trattamento. Non c&#8217;\u00e8 alcun trasferimento di questi dati personali a terzi.<\/div>\n<div>\u00a0<\/div>\n<h3>Google Analytics<\/h3>\n<div>Questo sito web utilizza Google Analytics, un servizio online di analisi di Google Inc., 1600 Amphitheatre Parkway, Mountain View, CA 94043, USA (&#8220;Google&#8221;).<\/div>\n<div>Google Analytics usa i cosiddetti &#8220;cookie&#8221;, file di testo che vengono salvati sul computer dell&#8217;utente e che permettono un&#8217;analisi dell&#8217;utilizzo del sito web da parte dello stesso utente. Le informazioni sull&#8217;utilizzo di questo sito web da parte dell&#8217;utente (incluso il relativo indirizzo IP) vengono generate attraverso i cookie e trasmesse a un server di Google negli USA, dove vengono salvate. Google utilizzer\u00e0 le informazioni salvate per valutare l&#8217;utilizzo del sito web da parte dell&#8217;utente, per stilare rapporti per l&#8217;operatore del sito web sulle attivit\u00e0 online e per fornire altri servizi connessi all&#8217;utilizzo del sito web e di Internet.<\/div>\n<div>Google, inoltre, divulgher\u00e0 queste informazioni a terzi ove ci\u00f2 sia richiesto dalla legge o nel caso in cui questi dati vengano elaborati da terzi per conto di Google. Google non collegher\u00e0 in alcun caso l&#8217;indirizzo IP di un utente con altri dati detenuti da Google. L&#8217;utente pu\u00f2 impedire l&#8217;installazione dei cookie impostando in modo corrispondente il software del proprio browser; occorre tuttavia tenere presente che in questo caso, ove applicabile, non sar\u00e0 possibile fare uso di tutte le funzioni di questo sito web. Utilizzando questo sito web, l&#8217;utente acconsente al trattamento dei propri dati personali da parte di Google nel modo precedentemente descritto e per lo scopo suddetto.<\/div>\n<div>L&#8217;utente pu\u00f2 ritirare il proprio consenso alla raccolta dei dati in qualsiasi momento con effetto per il futuro, utilizzando l&#8217;add-on di disattivazione per il browser di Google Analytics all&#8217;indirizzo <a href=\"https:\/\/tools.google.com\/dlpage\/gaoptout?hl=it\" target=\"_blank\" rel=\"noopener noreferrer\">https:\/\/tools.google.com\/dlpage\/gaoptout?hl=it<\/a>.<\/div>\n<div>L&#8217;utente pu\u00f2 inoltre impedire la raccolta di dati attraverso Google Universal Analytics facendo clic sul link seguente. Viene attivato un cookie di opt-out, che previene l&#8217;acquisizione futura dei dati dell&#8217;utente durante una visita a questo sito web:<br \/>\n <a id=\"ga-optout\" class=\"ga-optout\" href=\"#ga-optout\">Disattivare Google Analytics<\/a><br \/>\n Gli indirizzi IP vengono memorizzati solo in forma anonima, escludendo cos\u00ec l&#8217;identificazione di un singolo individuo in relazione ai dati memorizzati.<\/div>\n<h3>\n Google Tag Manager<\/h3>\n<div>\n<div>Questo sito web utilizza Google Tag Manager. Mediante questo servizio possono essere utilizzati i tag del sito web attraverso un\u2019interfaccia. Google Tool Manager implementa solo tag. Il che significa: Non vengono utilizzati cookie e non vengono registrati dati personali. Google Tool Manager attiva altri tag che eventualmente registrano nuovamente dei dati. Tuttavia, Google Tag Manager non accede a questi dati. Se \u00e8 stata effettuata una disattivazione a livello di dominio o cookie, essa rimane valida per tutti i tag di tracciamento fino a quando vengono implementati con Google Tag Manager.<\/div>\n<div>L&#8217;utente si \u00e8 escluso con successo dalla registrazione tramite Google Tag Manager.<\/div>\n<p><a class=\"ga-optout\" href=\"#ga-optout\">Cliccare qui<\/a>, per essere escluso dalla registrazione tramite Google Tag Manager.<\/p>\n<div>Per ulteriori informazioni su Google Tag Manager, vedere su:<\/div>\n<div>http:\/\/www.google.de\/tagmanager\/faq.html<\/div>\n<div>http:\/\/www.google.de\/tagmanager\/use-policy.html<\/div>\n<\/div>\n<div>\u00a0<\/div>\n<p><strong>Utilizzo di Google Webfonts &#8211; Script Libraries<\/strong><br \/>\n Per rendere i nostri contenuti accurati e graficamente gradevole, utilizziamo le librerie di script di Google Webfonts (https:\/\/www.google.com\/webfonts\/) in questo sito Web. I dati script di Google sono trasferiti nella cache del browser per impedire il caricamento multiplo. Se il browser non supporta Google Webfonts o ne impedisce l&#8217;accesso, i contenuti verranno visualizzati in un font standard.<br \/>\n Il caricamento di librerie di script o librerie di caratteri attiva automaticamente una connessione con l&#8217;operatore della libreria. \u00c8 teoricamente possibile che gli operatori di tali biblioteche raccolgano dati statistici.<br \/>\n La politica sulla privacy del gestore della biblioteca Google pu\u00f2 essere trovata qui: https:\/\/www.google.com\/policies\/privacy\/<\/p>\n<p>&nbsp;<\/p>\n","protected":false},"excerpt":{"rendered":"<p>Desideriamo dare informazioni sul tipo, sulla portata e sulla finalit\u00e0 della raccolta e dell&#8217;utilizzo dei dati personali che ci sono stati messi a disposizione, nonch\u00e9 dell&#8217;elaborazione e dell&#8217;utilizzo di tali dati. \u00a0 Contatto Nome e indirizzo del responsabile del trattamento dei dati Burchia, Kurt Via\u00a0Aue 17 &#8211;\u00a0 39030 St. Lorenzen info@burchia.it &#8211; 0474 474 420 [&hellip;]<\/p>\n","protected":false},"author":1,"featured_media":0,"parent":0,"menu_order":11,"comment_status":"closed","ping_status":"closed","template":"","meta":[],"acf":[],"_links":{"self":[{"href":"http:\/\/burchia.it\/it\/wp-json\/wp\/v2\/pages\/17"}],"collection":[{"href":"http:\/\/burchia.it\/it\/wp-json\/wp\/v2\/pages"}],"about":[{"href":"http:\/\/burchia.it\/it\/wp-json\/wp\/v2\/types\/page"}],"author":[{"embeddable":true,"href":"http:\/\/burchia.it\/it\/wp-json\/wp\/v2\/users\/1"}],"replies":[{"embeddable":true,"href":"http:\/\/burchia.it\/it\/wp-json\/wp\/v2\/comments?post=17"}],"version-history":[{"count":0,"href":"http:\/\/burchia.it\/it\/wp-json\/wp\/v2\/pages\/17\/revisions"}],"wp:attachment":[{"href":"http:\/\/burchia.it\/it\/wp-json\/wp\/v2\/media?parent=17"}],"curies":[{"name":"wp","href":"https:\/\/api.w.org\/{rel}","templated":true}]}}